{"id":386,"date":"2026-01-10T15:29:04","date_gmt":"2026-01-10T14:29:04","guid":{"rendered":"https:\/\/www.cibe-loisirs.com\/?page_id=386"},"modified":"2026-01-10T15:29:04","modified_gmt":"2026-01-10T14:29:04","slug":"salon-des-loisirs-creatifs-de-senlis","status":"publish","type":"page","link":"https:\/\/www.cibe-loisirs.com\/index.php\/salon-des-loisirs-creatifs-de-senlis\/","title":{"rendered":"Salon des Loisirs Cr\u00e9atifs de Senlis"},"content":{"rendered":"\n<h4 class=\"wp-block-heading\">Les 22, 23, 24 mai 2026 &#8211; Man\u00e8ge Ordener, 60300 SENLIS<\/h4>\n\n\n\n<figure class=\"wp-block-image aligncenter size-large is-resized is-style-rounded is-style-rounded--1\"><img loading=\"lazy\" decoding=\"async\" width=\"1024\" height=\"964\" src=\"https:\/\/www.cibe-loisirs.com\/wp-content\/uploads\/2025\/02\/Affiche-Octobre-2025-e1761594708894-1024x964.jpeg\" alt=\"\" class=\"wp-image-315\" style=\"width:324px;height:auto\" srcset=\"https:\/\/www.cibe-loisirs.com\/wp-content\/uploads\/2025\/02\/Affiche-Octobre-2025-e1761594708894-1024x964.jpeg 1024w, https:\/\/www.cibe-loisirs.com\/wp-content\/uploads\/2025\/02\/Affiche-Octobre-2025-e1761594708894-300x282.jpeg 300w, https:\/\/www.cibe-loisirs.com\/wp-content\/uploads\/2025\/02\/Affiche-Octobre-2025-e1761594708894-768x723.jpeg 768w, https:\/\/www.cibe-loisirs.com\/wp-content\/uploads\/2025\/02\/Affiche-Octobre-2025-e1761594708894.jpeg 1130w\" sizes=\"auto, (max-width: 1024px) 100vw, 1024px\" \/><\/figure>\n\n\n\n<p>\ud835\uddd6\ud835\uddf5\ud835\uddf2\ud835\uddff\ud835\ude00 \ud835\ude03\ud835\uddf6\ud835\ude00\ud835\uddf6\ud835\ude01\ud835\uddf2\ud835\ude02\ud835\uddff\ud835\ude00,<br><br>Apr\u00e8s le beau succ\u00e8s de la seconde \u00e9dition, le \ud835\udde6\ud835\uddee\ud835\uddf9\ud835\uddfc\ud835\uddfb \ud835\uddf1\ud835\uddf2\ud835\ude00 \ud835\udddf\ud835\uddfc\ud835\uddf6\ud835\ude00\ud835\uddf6\ud835\uddff\ud835\ude00 \ud835\uddd6\ud835\uddff\ud835\uddf2\u0301\ud835\uddee\ud835\ude01\ud835\uddf6\ud835\uddf3\ud835\ude00 \ud835\uddf1\ud835\uddf2 \ud835\udde6\ud835\uddf2\ud835\uddfb\ud835\uddf9\ud835\uddf6\ud835\ude00 revient pour sa 3\u1d49 \u00e9dition les \ud835\udfd0\ud835\udfd0, \ud835\udfd0\ud835\udfd1 \ud835\udc1e\ud835\udc2d \ud835\udfd0\ud835\udfd2 \ud835\udc26\ud835\udc1a\ud835\udc22 \ud835\udfd0\ud835\udfce\ud835\udfd0\ud835\udfd4 ! \ud83c\udf89\ud83d\uddd3\ufe0f\ud83c\udf19<br>Dans le cadre unique du \ud835\udde0\ud835\uddee\ud835\uddfb\ud835\uddf2\u0300\ud835\uddf4\ud835\uddf2 \ud835\udde2\ud835\uddff\ud835\uddf1\ud835\uddf2\ud835\uddfb\ud835\uddf2\ud835\uddff, lieu embl\u00e9matique de notre belle ville de Senlis \ud83c\udfdb\ufe0f\ud83c\udf1f, venez d\u00e9couvrir un salon plac\u00e9 sous le signe de la cr\u00e9ativit\u00e9, de l\u2019inspiration et du partage \u2702\ufe0f\ud83c\udfa8\ud83e\udd1d.<br><br>\ud835\uddd4\ud835\ude02 \ud835\uddfd\ud835\uddff\ud835\uddfc\ud835\uddf4\ud835\uddff\ud835\uddee\ud835\uddfa\ud835\uddfa\ud835\uddf2 :<br>\ud83d\udd28Ateliers<br>\ud83d\udd8c\ufe0f D\u00e9monstrations<br>\ud83e\udd1d Rencontres avec des cr\u00e9ateurs<br>\ud83d\udca1 Et de nombreuses id\u00e9es pour petits et grands passionn\u00e9s de loisirs cr\u00e9atifs !<br><br>Organis\u00e9 par l&rsquo;association CIBE, cet \u00e9v\u00e9nement s\u2019annonce comme un rendez-vous incontournable dans l\u2019Oise \ud83d\udccd\ud83c\udf8a<br><br>Notez bien les dates et venez nombreux c\u00e9l\u00e9brer l\u2019imagination et le savoir-faire \ud83d\uddd3\ufe0f\ud83c\udf88\u2728<br><br>\u00c0 tr\u00e8s bient\u00f4t au Salon des Loisirs Cr\u00e9atifs de Senlis !<br><\/p>\n\n\n\n<div class=\"wp-block-buttons is-content-justification-center is-layout-flex wp-container-core-buttons-is-layout-a89b3969 wp-block-buttons-is-layout-flex\">\n<div class=\"wp-block-button\"><a class=\"wp-block-button__link has-accent-3-background-color has-background wp-element-button\" href=\"https:\/\/www.cibe-loisirs.com\/index.php\/contact\/\">Devenir exposant<\/a><\/div>\n<\/div>\n","protected":false},"excerpt":{"rendered":"<p>Les 22, 23, 24 mai 2026 &#8211; Man\u00e8ge Ordener, 60300 SENLIS \ud835\uddd6\ud835\uddf5\ud835\uddf2\ud835\uddff\ud835\ude00 \ud835\ude03\ud835\uddf6\ud835\ude00\ud835\uddf6\ud835\ude01\ud835\uddf2\ud835\ude02\ud835\uddff\ud835\ude00, Apr\u00e8s le beau succ\u00e8s de la seconde \u00e9dition, le \ud835\udde6\ud835\uddee\ud835\uddf9\ud835\uddfc\ud835\uddfb \ud835\uddf1\ud835\uddf2\ud835\ude00 \ud835\udddf\ud835\uddfc\ud835\uddf6\ud835\ude00\ud835\uddf6\ud835\uddff\ud835\ude00 \ud835\uddd6\ud835\uddff\ud835\uddf2\u0301\ud835\uddee\ud835\ude01\ud835\uddf6\ud835\uddf3\ud835\ude00 \ud835\uddf1\ud835\uddf2 \ud835\udde6\ud835\uddf2\ud835\uddfb\ud835\uddf9\ud835\uddf6\ud835\ude00 revient pour sa 3\u1d49 \u00e9dition les \ud835\udfd0\ud835\udfd0, \ud835\udfd0\ud835\udfd1 \ud835\udc1e\ud835\udc2d \ud835\udfd0\ud835\udfd2 \ud835\udc26\ud835\udc1a\ud835\udc22 \ud835\udfd0\ud835\udfce\ud835\udfd0\ud835\udfd4 ! \ud83c\udf89\ud83d\uddd3\ufe0f\ud83c\udf19Dans le cadre unique du \ud835\udde0\ud835\uddee\ud835\uddfb\ud835\uddf2\u0300\ud835\uddf4\ud835\uddf2 \ud835\udde2\ud835\uddff\ud835\uddf1\ud835\uddf2\ud835\uddfb\ud835\uddf2\ud835\uddff, lieu embl\u00e9matique de notre belle ville de [&hellip;]<\/p>\n","protected":false},"author":1,"featured_media":0,"parent":0,"menu_order":0,"comment_status":"closed","ping_status":"closed","template":"","meta":{"footnotes":""},"class_list":["post-386","page","type-page","status-publish","hentry"],"_links":{"self":[{"href":"https:\/\/www.cibe-loisirs.com\/index.php\/wp-json\/wp\/v2\/pages\/386","targetHints":{"allow":["GET"]}}],"collection":[{"href":"https:\/\/www.cibe-loisirs.com\/index.php\/wp-json\/wp\/v2\/pages"}],"about":[{"href":"https:\/\/www.cibe-loisirs.com\/index.php\/wp-json\/wp\/v2\/types\/page"}],"author":[{"embeddable":true,"href":"https:\/\/www.cibe-loisirs.com\/index.php\/wp-json\/wp\/v2\/users\/1"}],"replies":[{"embeddable":true,"href":"https:\/\/www.cibe-loisirs.com\/index.php\/wp-json\/wp\/v2\/comments?post=386"}],"version-history":[{"count":1,"href":"https:\/\/www.cibe-loisirs.com\/index.php\/wp-json\/wp\/v2\/pages\/386\/revisions"}],"predecessor-version":[{"id":387,"href":"https:\/\/www.cibe-loisirs.com\/index.php\/wp-json\/wp\/v2\/pages\/386\/revisions\/387"}],"wp:attachment":[{"href":"https:\/\/www.cibe-loisirs.com\/index.php\/wp-json\/wp\/v2\/media?parent=386"}],"curies":[{"name":"wp","href":"https:\/\/api.w.org\/{rel}","templated":true}]}}